{"id":15,"date":"2018-01-26T08:28:37","date_gmt":"2018-01-26T05:28:37","guid":{"rendered":"http:\/\/ispartayalvackumdanliasm.com\/?page_id=15"},"modified":"2018-01-26T08:28:37","modified_gmt":"2018-01-26T05:28:37","slug":"misyonumuz","status":"publish","type":"page","link":"http:\/\/kuleonuailesagligimerkezi.com\/index.php\/hakkimizda\/misyonumuz\/","title":{"rendered":"Misyonumuz"},"content":{"rendered":"<p>Bize kay\u0131tl\u0131 n\u00fcfusumuzun sa\u011fl\u0131\u011f\u0131n\u0131 geli\u015ftirmek, korumak, tedavi etmek ve rehabilitasyonu i\u00e7in sa\u011fl\u0131k hizmetine katk\u0131 sa\u011flayan t\u00fcm toplum kaynaklar\u0131 ile i\u015fbirli\u011fi i\u00e7inde olarak, bilimin g\u00fcncel katk\u0131s\u0131na a\u00e7\u0131k, g\u00fcvenilir, g\u00fcler y\u00fczl\u00fc, ileti\u015fime ve geli\u015fmeye a\u00e7\u0131k, kolay ula\u015f\u0131lan, sa\u011fl\u0131\u011f\u0131 vazge\u00e7ilmez bir insan hakk\u0131 olarak g\u00f6ren ve ba\u011fl\u0131 bulundu\u011fu bireylerin t\u00fcm sa\u011fl\u0131k sorumlulu\u011funu \u00fcstlenen \u00f6rnek bir aile hekimli\u011fi merkezi olmakt\u0131r.<\/p>\n","protected":false},"excerpt":{"rendered":"<p>Bize kay\u0131tl\u0131 n\u00fcfusumuzun sa\u011fl\u0131\u011f\u0131n\u0131 geli\u015ftirmek, korumak, tedavi etmek ve rehabilitasyonu i\u00e7in sa\u011fl\u0131k hizmetine katk\u0131 sa\u011flayan t\u00fcm toplum kaynaklar\u0131 ile i\u015fbirli\u011fi i\u00e7inde olarak, bilimin g\u00fcncel katk\u0131s\u0131na a\u00e7\u0131k, g\u00fcvenilir, g\u00fcler y\u00fczl\u00fc, ileti\u015fime ve geli\u015fmeye a\u00e7\u0131k, kolay ula\u015f\u0131lan, sa\u011fl\u0131\u011f\u0131 vazge\u00e7ilmez bir insan hakk\u0131 olarak g\u00f6ren ve ba\u011fl\u0131 bulundu\u011fu bireylerin t\u00fcm sa\u011fl\u0131k sorumlulu\u011funu \u00fcstlenen \u00f6rnek bir aile hekimli\u011fi merkezi [&hellip;]<\/p>\n","protected":false},"author":1,"featured_media":0,"parent":31,"menu_order":0,"comment_status":"closed","ping_status":"closed","template":"","meta":{"footnotes":""},"class_list":["post-15","page","type-page","status-publish","hentry"],"_links":{"self":[{"href":"http:\/\/kuleonuailesagligimerkezi.com\/index.php\/wp-json\/wp\/v2\/pages\/15","targetHints":{"allow":["GET"]}}],"collection":[{"href":"http:\/\/kuleonuailesagligimerkezi.com\/index.php\/wp-json\/wp\/v2\/pages"}],"about":[{"href":"http:\/\/kuleonuailesagligimerkezi.com\/index.php\/wp-json\/wp\/v2\/types\/page"}],"author":[{"embeddable":true,"href":"http:\/\/kuleonuailesagligimerkezi.com\/index.php\/wp-json\/wp\/v2\/users\/1"}],"replies":[{"embeddable":true,"href":"http:\/\/kuleonuailesagligimerkezi.com\/index.php\/wp-json\/wp\/v2\/comments?post=15"}],"version-history":[{"count":0,"href":"http:\/\/kuleonuailesagligimerkezi.com\/index.php\/wp-json\/wp\/v2\/pages\/15\/revisions"}],"up":[{"embeddable":true,"href":"http:\/\/kuleonuailesagligimerkezi.com\/index.php\/wp-json\/wp\/v2\/pages\/31"}],"wp:attachment":[{"href":"http:\/\/kuleonuailesagligimerkezi.com\/index.php\/wp-json\/wp\/v2\/media?parent=15"}],"curies":[{"name":"wp","href":"https:\/\/api.w.org\/{rel}","templated":true}]}}