{"id":17,"date":"2018-01-26T08:30:28","date_gmt":"2018-01-26T05:30:28","guid":{"rendered":"http:\/\/ispartayalvackumdanliasm.com\/?page_id=17"},"modified":"2018-01-26T08:30:28","modified_gmt":"2018-01-26T05:30:28","slug":"kalite-politimakiz","status":"publish","type":"page","link":"http:\/\/kuleonuailesagligimerkezi.com\/index.php\/kalite-politimakiz\/","title":{"rendered":"Kalite Politikam\u0131z"},"content":{"rendered":"<p>Kaliteli ve ula\u015f\u0131labilir birinci basamak sa\u011fl\u0131k hizmeti sunmak. Yasal \u015fartlar \u00e7er\u00e7evesinde halk sa\u011fl\u0131\u011f\u0131n\u0131 korumak ve geli\u015ftirmek, halk sa\u011fl\u0131\u011f\u0131n\u0131 tehdit eden t\u00fcm durumlarla m\u00fccadele etmek. \u0130nsana ve \u00e7evreye sayg\u0131. Bireylere t\u00fcm alanlarda sa\u011fl\u0131k bilinci vermek. Bireysel ve toplumsal memnuniyetin artt\u0131r\u0131lmas\u0131n\u0131 sa\u011flamak. \u00c7a\u011fda\u015f bir y\u00f6netim anlay\u0131\u015f\u0131 ile kaliteli hizmet sa\u011flamak.<\/p>\n","protected":false},"excerpt":{"rendered":"<p>Kaliteli ve ula\u015f\u0131labilir birinci basamak sa\u011fl\u0131k hizmeti sunmak. Yasal \u015fartlar \u00e7er\u00e7evesinde halk sa\u011fl\u0131\u011f\u0131n\u0131 korumak ve geli\u015ftirmek, halk sa\u011fl\u0131\u011f\u0131n\u0131 tehdit eden t\u00fcm durumlarla m\u00fccadele etmek. \u0130nsana ve \u00e7evreye sayg\u0131. Bireylere t\u00fcm alanlarda sa\u011fl\u0131k bilinci vermek. Bireysel ve toplumsal memnuniyetin artt\u0131r\u0131lmas\u0131n\u0131 sa\u011flamak. \u00c7a\u011fda\u015f bir y\u00f6netim anlay\u0131\u015f\u0131 ile kaliteli hizmet sa\u011flamak.<\/p>\n","protected":false},"author":1,"featured_media":0,"parent":0,"menu_order":0,"comment_status":"closed","ping_status":"closed","template":"","meta":{"footnotes":""},"class_list":["post-17","page","type-page","status-publish","hentry"],"_links":{"self":[{"href":"http:\/\/kuleonuailesagligimerkezi.com\/index.php\/wp-json\/wp\/v2\/pages\/17","targetHints":{"allow":["GET"]}}],"collection":[{"href":"http:\/\/kuleonuailesagligimerkezi.com\/index.php\/wp-json\/wp\/v2\/pages"}],"about":[{"href":"http:\/\/kuleonuailesagligimerkezi.com\/index.php\/wp-json\/wp\/v2\/types\/page"}],"author":[{"embeddable":true,"href":"http:\/\/kuleonuailesagligimerkezi.com\/index.php\/wp-json\/wp\/v2\/users\/1"}],"replies":[{"embeddable":true,"href":"http:\/\/kuleonuailesagligimerkezi.com\/index.php\/wp-json\/wp\/v2\/comments?post=17"}],"version-history":[{"count":0,"href":"http:\/\/kuleonuailesagligimerkezi.com\/index.php\/wp-json\/wp\/v2\/pages\/17\/revisions"}],"wp:attachment":[{"href":"http:\/\/kuleonuailesagligimerkezi.com\/index.php\/wp-json\/wp\/v2\/media?parent=17"}],"curies":[{"name":"wp","href":"https:\/\/api.w.org\/{rel}","templated":true}]}}