{"id":31,"date":"2018-01-26T08:50:00","date_gmt":"2018-01-26T05:50:00","guid":{"rendered":"http:\/\/ispartayalvackumdanliasm.com\/?page_id=31"},"modified":"2018-05-02T08:19:26","modified_gmt":"2018-05-02T05:19:26","slug":"hakkimizda","status":"publish","type":"page","link":"http:\/\/kuleonuailesagligimerkezi.com\/index.php\/hakkimizda\/","title":{"rendered":"Hakk\u0131m\u0131zda"},"content":{"rendered":"<p><strong>Kule\u00f6n\u00fc Aile Sa\u011fl\u0131\u011f\u0131 Merkezi<\/strong> Isparta Merkez&#8217;de yer almaktad\u0131r. Fiziki olarak poliklinik, acil m\u00fcdahele odas\u0131, a\u015f\u0131 ve bebek izlem odas\u0131, kad\u0131n izlem ve \u00fcreme sa\u011fl\u0131\u011f\u0131 odas\u0131, emzirme ve bebek bak\u0131m odas\u0131 \u015fartlar\u0131na sahip A s\u0131n\u0131f\u0131 bir aile sa\u011fl\u0131\u011f\u0131 merkezidir.<\/p>\n","protected":false},"excerpt":{"rendered":"<p>Kule\u00f6n\u00fc Aile Sa\u011fl\u0131\u011f\u0131 Merkezi Isparta Merkez&#8217;de yer almaktad\u0131r. Fiziki olarak poliklinik, acil m\u00fcdahele odas\u0131, a\u015f\u0131 ve bebek izlem odas\u0131, kad\u0131n izlem ve \u00fcreme sa\u011fl\u0131\u011f\u0131 odas\u0131, emzirme ve bebek bak\u0131m odas\u0131 \u015fartlar\u0131na sahip A s\u0131n\u0131f\u0131 bir aile sa\u011fl\u0131\u011f\u0131 merkezidir.<\/p>\n","protected":false},"author":1,"featured_media":0,"parent":0,"menu_order":0,"comment_status":"closed","ping_status":"closed","template":"","meta":{"footnotes":""},"class_list":["post-31","page","type-page","status-publish","hentry"],"_links":{"self":[{"href":"http:\/\/kuleonuailesagligimerkezi.com\/index.php\/wp-json\/wp\/v2\/pages\/31","targetHints":{"allow":["GET"]}}],"collection":[{"href":"http:\/\/kuleonuailesagligimerkezi.com\/index.php\/wp-json\/wp\/v2\/pages"}],"about":[{"href":"http:\/\/kuleonuailesagligimerkezi.com\/index.php\/wp-json\/wp\/v2\/types\/page"}],"author":[{"embeddable":true,"href":"http:\/\/kuleonuailesagligimerkezi.com\/index.php\/wp-json\/wp\/v2\/users\/1"}],"replies":[{"embeddable":true,"href":"http:\/\/kuleonuailesagligimerkezi.com\/index.php\/wp-json\/wp\/v2\/comments?post=31"}],"version-history":[{"count":2,"href":"http:\/\/kuleonuailesagligimerkezi.com\/index.php\/wp-json\/wp\/v2\/pages\/31\/revisions"}],"predecessor-version":[{"id":95,"href":"http:\/\/kuleonuailesagligimerkezi.com\/index.php\/wp-json\/wp\/v2\/pages\/31\/revisions\/95"}],"wp:attachment":[{"href":"http:\/\/kuleonuailesagligimerkezi.com\/index.php\/wp-json\/wp\/v2\/media?parent=31"}],"curies":[{"name":"wp","href":"https:\/\/api.w.org\/{rel}","templated":true}]}}