{"id":68,"date":"2018-01-30T09:43:26","date_gmt":"2018-01-30T06:43:26","guid":{"rendered":"http:\/\/ispartayalvackumdanliasm.com\/?page_id=68"},"modified":"2018-01-30T09:43:26","modified_gmt":"2018-01-30T06:43:26","slug":"hizmetlerimiz","status":"publish","type":"page","link":"http:\/\/kuleonuailesagligimerkezi.com\/index.php\/hizmetlerimiz\/","title":{"rendered":"Hizmetlerimiz"},"content":{"rendered":"<p>Kumdanl\u0131 Aile Sa\u011fl\u0131\u011f\u0131 Merkezi olarak hastalar\u0131m\u0131za birinci s\u0131n\u0131f sa\u011fl\u0131k hizmetleri sunmaktay\u0131z. Buna g\u00f6re hastalar\u0131m\u0131za a\u015fa\u011f\u0131daki hizmetleri vermekteyiz.<\/p>\n<ul>\n<li>Muayene i\u015flemleri<\/li>\n<li>15-49 ya\u015f aral\u0131\u011f\u0131ndaki kad\u0131nlar\u0131n y\u0131lda en az iki kez izlenmesi<\/li>\n<li>Gebelerin izlenmesi, a\u015f\u0131lanmas\u0131<\/li>\n<li>Lohusalar\u0131n izlenmesi<\/li>\n<li>Bebeklerin izlenmesi ve A\u015f\u0131lanmas\u0131<\/li>\n<li>\u00c7ocuklar\u0131n izlenmesi ve A\u015f\u0131lanmas\u0131<\/li>\n<li>65 ya\u015f \u00fczeri hastalar\u0131n takibi<\/li>\n<li>Evde yatan hastalar\u0131n takibi<\/li>\n<li>Enjeksiyon, pansuman<\/li>\n<li>Kan tahlil hizmetleri<\/li>\n<\/ul>\n","protected":false},"excerpt":{"rendered":"<p>Kumdanl\u0131 Aile Sa\u011fl\u0131\u011f\u0131 Merkezi olarak hastalar\u0131m\u0131za birinci s\u0131n\u0131f sa\u011fl\u0131k hizmetleri sunmaktay\u0131z. Buna g\u00f6re hastalar\u0131m\u0131za a\u015fa\u011f\u0131daki hizmetleri vermekteyiz. Muayene i\u015flemleri 15-49 ya\u015f aral\u0131\u011f\u0131ndaki kad\u0131nlar\u0131n y\u0131lda en az iki kez izlenmesi Gebelerin izlenmesi, a\u015f\u0131lanmas\u0131 Lohusalar\u0131n izlenmesi Bebeklerin izlenmesi ve A\u015f\u0131lanmas\u0131 \u00c7ocuklar\u0131n izlenmesi ve A\u015f\u0131lanmas\u0131 65 ya\u015f \u00fczeri hastalar\u0131n takibi Evde yatan hastalar\u0131n takibi Enjeksiyon, pansuman Kan tahlil [&hellip;]<\/p>\n","protected":false},"author":1,"featured_media":0,"parent":0,"menu_order":0,"comment_status":"closed","ping_status":"closed","template":"","meta":{"footnotes":""},"class_list":["post-68","page","type-page","status-publish","hentry"],"_links":{"self":[{"href":"http:\/\/kuleonuailesagligimerkezi.com\/index.php\/wp-json\/wp\/v2\/pages\/68","targetHints":{"allow":["GET"]}}],"collection":[{"href":"http:\/\/kuleonuailesagligimerkezi.com\/index.php\/wp-json\/wp\/v2\/pages"}],"about":[{"href":"http:\/\/kuleonuailesagligimerkezi.com\/index.php\/wp-json\/wp\/v2\/types\/page"}],"author":[{"embeddable":true,"href":"http:\/\/kuleonuailesagligimerkezi.com\/index.php\/wp-json\/wp\/v2\/users\/1"}],"replies":[{"embeddable":true,"href":"http:\/\/kuleonuailesagligimerkezi.com\/index.php\/wp-json\/wp\/v2\/comments?post=68"}],"version-history":[{"count":0,"href":"http:\/\/kuleonuailesagligimerkezi.com\/index.php\/wp-json\/wp\/v2\/pages\/68\/revisions"}],"wp:attachment":[{"href":"http:\/\/kuleonuailesagligimerkezi.com\/index.php\/wp-json\/wp\/v2\/media?parent=68"}],"curies":[{"name":"wp","href":"https:\/\/api.w.org\/{rel}","templated":true}]}}