{"id":77,"date":"2018-01-26T08:24:52","date_gmt":"2018-01-26T05:24:52","guid":{"rendered":"http:\/\/ispartayalvackumdanliasm.com\/?page_id=11"},"modified":"2026-03-31T12:34:02","modified_gmt":"2026-03-31T09:34:02","slug":"personel-kadromuz","status":"publish","type":"page","link":"http:\/\/kuleonuailesagligimerkezi.com\/index.php\/personel-kadromuz\/","title":{"rendered":"Personel Kadromuz"},"content":{"rendered":"<p><strong>Dr. Hacer S\u00d6NMEZ TARHAN<\/strong><br \/>\nAile Hekimi<\/p>\n<p><strong> \u015eerife Nur G\u00d6KSEL<\/strong><br \/>\nHem\u015fire<\/p>\n<p><strong>Nazl\u0131 D\u0130NAR<\/strong><br \/>\nYard\u0131mc\u0131 Sa\u011fl\u0131k Personeli<\/p>\n<p><strong>Zeliha H\u0130ND\u0130<\/strong><br \/>\nHizmetli<\/p>\n","protected":false},"excerpt":{"rendered":"<p>Dr. Hacer S\u00d6NMEZ TARHAN Aile Hekimi \u015eerife Nur G\u00d6KSEL Hem\u015fire Nazl\u0131 D\u0130NAR Yard\u0131mc\u0131 Sa\u011fl\u0131k Personeli Zeliha H\u0130ND\u0130 Hizmetli<\/p>\n","protected":false},"author":1,"featured_media":0,"parent":0,"menu_order":0,"comment_status":"closed","ping_status":"closed","template":"","meta":{"footnotes":""},"class_list":["post-77","page","type-page","status-publish","hentry"],"_links":{"self":[{"href":"http:\/\/kuleonuailesagligimerkezi.com\/index.php\/wp-json\/wp\/v2\/pages\/77","targetHints":{"allow":["GET"]}}],"collection":[{"href":"http:\/\/kuleonuailesagligimerkezi.com\/index.php\/wp-json\/wp\/v2\/pages"}],"about":[{"href":"http:\/\/kuleonuailesagligimerkezi.com\/index.php\/wp-json\/wp\/v2\/types\/page"}],"author":[{"embeddable":true,"href":"http:\/\/kuleonuailesagligimerkezi.com\/index.php\/wp-json\/wp\/v2\/users\/1"}],"replies":[{"embeddable":true,"href":"http:\/\/kuleonuailesagligimerkezi.com\/index.php\/wp-json\/wp\/v2\/comments?post=77"}],"version-history":[{"count":10,"href":"http:\/\/kuleonuailesagligimerkezi.com\/index.php\/wp-json\/wp\/v2\/pages\/77\/revisions"}],"predecessor-version":[{"id":132,"href":"http:\/\/kuleonuailesagligimerkezi.com\/index.php\/wp-json\/wp\/v2\/pages\/77\/revisions\/132"}],"wp:attachment":[{"href":"http:\/\/kuleonuailesagligimerkezi.com\/index.php\/wp-json\/wp\/v2\/media?parent=77"}],"curies":[{"name":"wp","href":"https:\/\/api.w.org\/{rel}","templated":true}]}}